{"id":523,"date":"2024-05-10T12:26:55","date_gmt":"2024-05-10T12:26:55","guid":{"rendered":"https:\/\/malakite.merkadoweb.es\/?page_id=523"},"modified":"2026-01-27T13:16:39","modified_gmt":"2026-01-27T13:16:39","slug":"actividades-fines-de-semana","status":"publish","type":"page","link":"https:\/\/malakite.es\/index.php\/actividades-fines-de-semana\/","title":{"rendered":"Actividades fines de semana"},"content":{"rendered":"<p>[et_pb_section fb_built=\u00bb1&#8243; custom_padding_last_edited=\u00bbon|phone\u00bb _builder_version=\u00bb4.25.1&#8243; background_color=\u00bbrgba(255,255,255,0.26)\u00bb background_image=\u00bbhttps:\/\/malakite.es\/wp-content\/uploads\/2024\/05\/2490.jpg\u00bb background_position=\u00bbbottom_center\u00bb background_blend=\u00bblighten\u00bb background_enable_video_mp4=\u00bboff\u00bb background_video_width=\u00bb3000&#8243; custom_padding=\u00bb177px||177px||true|false\u00bb custom_padding_tablet=\u00bb160px||160px||true|false\u00bb custom_padding_phone=\u00bb100px||77px||false|false\u00bb bottom_divider_height=\u00bb66px\u00bb animation_style=\u00bbfade\u00bb global_colors_info=\u00bb{}\u00bb][et_pb_row _builder_version=\u00bb4.16&#8243; custom_padding=\u00bb0|0px|27px|0px|false|false\u00bb animation_style=\u00bbslide\u00bb animation_direction=\u00bbleft\u00bb animation_duration=\u00bb1500ms\u00bb global_colors_info=\u00bb{}\u00bb][et_pb_column type=\u00bb4_4&#8243; _builder_version=\u00bb4.16&#8243; custom_padding=\u00bb|||\u00bb global_colors_info=\u00bb{}\u00bb custom_padding__hover=\u00bb|||\u00bb][et_pb_text _builder_version=\u00bb4.25.1&#8243; text_font=\u00bbNunito||||||||\u00bb text_font_size=\u00bb15px\u00bb header_font=\u00bbMontserrat|700||on|||||\u00bb header_text_align=\u00bbleft\u00bb header_text_color=\u00bb#191919&#8243; header_font_size=\u00bb70px\u00bb header_line_height=\u00bb1.3em\u00bb max_width_tablet=\u00bb93%\u00bb max_width_phone=\u00bb\u00bb max_width_last_edited=\u00bbon|tablet\u00bb custom_margin=\u00bb33px||||false|false\u00bb custom_margin_tablet=\u00bb\u00bb custom_margin_phone=\u00bb-36px|||\u00bb custom_margin_last_edited=\u00bbon|desktop\u00bb header_font_size_tablet=\u00bb80px\u00bb header_font_size_phone=\u00bb35px\u00bb header_font_size_last_edited=\u00bbon|phone\u00bb global_colors_info=\u00bb{}\u00bb]<\/p>\n<h1 style=\"text-align: center;\"><span>Actividades <\/span><span class=\"error grammar selected\" data-type=\"grammar\" data-suggestions=\"[{&quot;value&quot;:&quot;finesas&quot;}]\" data-rule=\"AGREEMENT_POSTPONED_ADJ\" title=\"Revise la concordancia de \u00abfin\u00e9s\u00bb con los nombres precedentes o revise la puntuaci\u00f3n.\" data-word=\"fin\u00e9s\">fin\u00e9s<\/span><span> de semana<\/span><\/h1>\n<p>[\/et_pb_text][\/et_pb_column][\/et_pb_row][\/et_pb_section][et_pb_section fb_built=\u00bb1&#8243; specialty=\u00bbon\u00bb _builder_version=\u00bb4.27.4&#8243; use_background_color_gradient=\u00bbon\u00bb background_color_gradient_stops=\u00bb#ffffff 0%|rgba(242,242,242,0.89) 100%\u00bb background_color_gradient_overlays_image=\u00bbon\u00bb background_color_gradient_start=\u00bb#ffffff\u00bb background_color_gradient_end=\u00bbrgba(242,242,242,0.89)\u00bb background_image=\u00bbhttps:\/\/play.divi.express\/wp-content\/uploads\/2019\/03\/surf-club3-23.jpg\u00bb custom_padding=\u00bb7px|0px|35px|0px|false|false\u00bb animation_style=\u00bbzoom\u00bb hover_enabled=\u00bb0&#8243; global_colors_info=\u00bb{}\u00bb custom_margin=\u00bb||124px||false|false\u00bb sticky_enabled=\u00bb0&#8243;][et_pb_column type=\u00bb1_2&#8243; specialty_columns=\u00bb2&#8243; _builder_version=\u00bb4.16&#8243; custom_padding=\u00bb|||\u00bb global_colors_info=\u00bb{}\u00bb parallax__hover=\u00bboff\u00bb parallax_method__hover=\u00bbon\u00bb custom_padding__hover=\u00bb|||\u00bb][et_pb_row_inner _builder_version=\u00bb4.25.0&#8243; custom_padding=\u00bb45px|0px|30.2344px|0px|false|false\u00bb animation_style=\u00bbslide\u00bb animation_direction=\u00bbleft\u00bb animation_duration=\u00bb1350ms\u00bb animation_delay=\u00bb500ms\u00bb global_colors_info=\u00bb{}\u00bb][et_pb_column_inner saved_specialty_column_type=\u00bb1_2&#8243; _builder_version=\u00bb4.16&#8243; custom_padding=\u00bb|||\u00bb global_colors_info=\u00bb{}\u00bb parallax__hover=\u00bboff\u00bb parallax_method__hover=\u00bbon\u00bb custom_padding__hover=\u00bb|||\u00bb][et_pb_text _builder_version=\u00bb4.27.4&#8243; text_font=\u00bbCairo||||||||\u00bb text_text_color=\u00bb#000000&#8243; text_font_size=\u00bb16px\u00bb text_line_height=\u00bb1.8em\u00bb header_font=\u00bbMontserrat|500||on|||||\u00bb header_text_color=\u00bb#f41f5f\u00bb header_font_size=\u00bb35px\u00bb header_line_height=\u00bb1.1em\u00bb hover_enabled=\u00bb0&#8243; header_font_size_tablet=\u00bb\u00bb header_font_size_phone=\u00bb35px\u00bb header_font_size_last_edited=\u00bbon|desktop\u00bb global_colors_info=\u00bb{}\u00bb sticky_enabled=\u00bb0&#8243; width=\u00bb120%\u00bb]<\/p>\n<h1 style=\"text-align: justify;\"><span>DISFRUTA DEL FIN DE SEMANA<\/span><\/h1>\n<p dir=\"auto\" node=\"[object Object]\" style=\"text-align: justify;\">En <strong node=\"[object Object]\">Malakite<\/strong> ofrecemos actividades acu\u00e1ticas todos los <strong node=\"[object Object]\">s\u00e1bados y domingos<\/strong>, adapt\u00e1ndonos siempre a las condiciones meteorol\u00f3gicas \u00f3ptimas. Nuestras disciplinas principales incluyen:<\/p>\n<ul dir=\"auto\" node=\"[object Object]\" style=\"text-align: justify;\">\n<li node=\"[object Object]\"><strong node=\"[object Object]\">Surf<\/strong><\/li>\n<li node=\"[object Object]\"><strong node=\"[object Object]\">Paddle surf (SUP)<\/strong><\/li>\n<li node=\"[object Object]\"><strong node=\"[object Object]\">Windsurf<\/strong><\/li>\n<\/ul>\n<p dir=\"auto\" node=\"[object Object]\" style=\"text-align: justify;\">Adem\u00e1s, durante los fines de semana organizamos una amplia variedad de actividades complementarias para todos los niveles y gustos.<\/p>\n<p dir=\"auto\" node=\"[object Object]\" style=\"text-align: justify;\"><strong node=\"[object Object]\">Modalidades de contrataci\u00f3n flexibles:<\/strong><\/p>\n<ul dir=\"auto\" node=\"[object Object]\" style=\"text-align: justify;\">\n<li node=\"[object Object]\"><strong node=\"[object Object]\">D\u00eda suelto<\/strong>: 30 \u20ac<\/li>\n<li node=\"[object Object]\"><strong node=\"[object Object]\">Mensual: <\/strong>80 \u20ac<\/li>\n<li node=\"[object Object]\"><strong node=\"[object Object]\">Trimestral<\/strong>: 200 \u20ac<\/li>\n<\/ul>\n<p dir=\"auto\" node=\"[object Object]\" style=\"text-align: justify;\">\u00a1Ven a disfrutar del mar con nosotros! Tanto si buscas iniciarte en estos deportes como si quieres perfeccionar tu t\u00e9cnica, en Malakite encontrar\u00e1s el entorno, el material y la atenci\u00f3n personalizada que necesitas.<\/p>\n<p dir=\"auto\" node=\"[object Object]\" style=\"text-align: justify;\">\u00bfTe animas a reservar tu plaza? Contacta con nosotros para m\u00e1s informaci\u00f3n o para consultar disponibilidad.<\/p>\n<p>[\/et_pb_text][\/et_pb_column_inner][\/et_pb_row_inner][\/et_pb_column][et_pb_column type=\u00bb1_2&#8243; _builder_version=\u00bb4.16&#8243; custom_padding=\u00bb|||\u00bb global_colors_info=\u00bb{}\u00bb parallax__hover=\u00bboff\u00bb parallax_method__hover=\u00bbon\u00bb custom_padding__hover=\u00bb|||\u00bb][et_pb_image src=\u00bbhttps:\/\/malakite.es\/wp-content\/uploads\/2024\/04\/cropped-surf-malakite.jpg\u00bb title_text=\u00bbcropped-surf-malakite.jpg\u00bb align=\u00bbcenter\u00bb align_tablet=\u00bbcenter\u00bb align_phone=\u00bbcenter\u00bb align_last_edited=\u00bbon|desktop\u00bb _builder_version=\u00bb4.25.0&#8243; width=\u00bb42%\u00bb width_tablet=\u00bb\u00bb width_phone=\u00bb70%\u00bb width_last_edited=\u00bbon|phone\u00bb custom_margin=\u00bb231px|||||\u00bb custom_margin_tablet=\u00bb90px|||||\u00bb custom_margin_phone=\u00bb0px||||false|false\u00bb custom_margin_last_edited=\u00bbon|phone\u00bb custom_padding=\u00bb17px||\u00bb animation_style=\u00bbslide\u00bb animation_direction=\u00bbright\u00bb animation_duration=\u00bb1500ms\u00bb animation_delay=\u00bb500ms\u00bb global_colors_info=\u00bb{}\u00bb][\/et_pb_image][\/et_pb_column][\/et_pb_section]<\/p>\n","protected":false},"excerpt":{"rendered":"<p>Actividades fin\u00e9s de semanaDISFRUTA DEL FIN DE SEMANA En Malakite ofrecemos actividades acu\u00e1ticas todos los s\u00e1bados y domingos, adapt\u00e1ndonos siempre a las condiciones meteorol\u00f3gicas \u00f3ptimas. Nuestras disciplinas principales incluyen: Surf Paddle surf (SUP) Windsurf Adem\u00e1s, durante los fines de semana organizamos una amplia variedad de actividades complementarias para todos los niveles y gustos. Modalidades de [&hellip;]<\/p>\n","protected":false},"author":1,"featured_media":0,"parent":0,"menu_order":0,"comment_status":"closed","ping_status":"closed","template":"","meta":{"_et_pb_use_builder":"on","_et_pb_old_content":"<!-- wp:divi\/placeholder \/-->","_et_gb_content_width":"","footnotes":""},"class_list":["post-523","page","type-page","status-publish","hentry"],"yoast_head":"<!-- This site is optimized with the Yoast SEO plugin v27.4 - https:\/\/yoast.com\/product\/yoast-seo-wordpress\/ -->\n<title>Actividades fines de semana - Malakite<\/title>\n<meta name=\"robots\" content=\"index, follow, max-snippet:-1, max-image-preview:large, max-video-preview:-1\" \/>\n<link rel=\"canonical\" href=\"https:\/\/malakite.es\/index.php\/actividades-fines-de-semana\/\" \/>\n<meta property=\"og:locale\" content=\"es_ES\" \/>\n<meta property=\"og:type\" content=\"article\" \/>\n<meta property=\"og:title\" content=\"Actividades fines de semana - Malakite\" \/>\n<meta property=\"og:description\" content=\"Actividades fin\u00e9s de semanaDISFRUTA DEL FIN DE SEMANA En Malakite ofrecemos actividades acu\u00e1ticas todos los s\u00e1bados y domingos, adapt\u00e1ndonos siempre a las condiciones meteorol\u00f3gicas \u00f3ptimas. Nuestras disciplinas principales incluyen: Surf Paddle surf (SUP) Windsurf Adem\u00e1s, durante los fines de semana organizamos una amplia variedad de actividades complementarias para todos los niveles y gustos. Modalidades de [&hellip;]\" \/>\n<meta property=\"og:url\" content=\"https:\/\/malakite.es\/index.php\/actividades-fines-de-semana\/\" \/>\n<meta property=\"og:site_name\" content=\"Malakite\" \/>\n<meta property=\"article:modified_time\" content=\"2026-01-27T13:16:39+00:00\" \/>\n<meta name=\"twitter:card\" content=\"summary_large_image\" \/>\n<meta name=\"twitter:label1\" content=\"Tiempo de lectura\" \/>\n\t<meta name=\"twitter:data1\" content=\"3 minutos\" \/>\n<script type=\"application\/ld+json\" class=\"yoast-schema-graph\">{\"@context\":\"https:\\\/\\\/schema.org\",\"@graph\":[{\"@type\":\"WebPage\",\"@id\":\"https:\\\/\\\/malakite.es\\\/index.php\\\/actividades-fines-de-semana\\\/\",\"url\":\"https:\\\/\\\/malakite.es\\\/index.php\\\/actividades-fines-de-semana\\\/\",\"name\":\"Actividades fines de semana - Malakite\",\"isPartOf\":{\"@id\":\"https:\\\/\\\/malakite.es\\\/#website\"},\"datePublished\":\"2024-05-10T12:26:55+00:00\",\"dateModified\":\"2026-01-27T13:16:39+00:00\",\"breadcrumb\":{\"@id\":\"https:\\\/\\\/malakite.es\\\/index.php\\\/actividades-fines-de-semana\\\/#breadcrumb\"},\"inLanguage\":\"es\",\"potentialAction\":[{\"@type\":\"ReadAction\",\"target\":[\"https:\\\/\\\/malakite.es\\\/index.php\\\/actividades-fines-de-semana\\\/\"]}]},{\"@type\":\"BreadcrumbList\",\"@id\":\"https:\\\/\\\/malakite.es\\\/index.php\\\/actividades-fines-de-semana\\\/#breadcrumb\",\"itemListElement\":[{\"@type\":\"ListItem\",\"position\":1,\"name\":\"Portada\",\"item\":\"https:\\\/\\\/malakite.es\\\/\"},{\"@type\":\"ListItem\",\"position\":2,\"name\":\"Actividades fines de semana\"}]},{\"@type\":\"WebSite\",\"@id\":\"https:\\\/\\\/malakite.es\\\/#website\",\"url\":\"https:\\\/\\\/malakite.es\\\/\",\"name\":\"Malakite\",\"description\":\"Club n\u00e1utico deportivo en M\u00e1laga\",\"potentialAction\":[{\"@type\":\"SearchAction\",\"target\":{\"@type\":\"EntryPoint\",\"urlTemplate\":\"https:\\\/\\\/malakite.es\\\/?s={search_term_string}\"},\"query-input\":{\"@type\":\"PropertyValueSpecification\",\"valueRequired\":true,\"valueName\":\"search_term_string\"}}],\"inLanguage\":\"es\"}]}<\/script>\n<!-- \/ Yoast SEO plugin. -->","yoast_head_json":{"title":"Actividades fines de semana - Malakite","robots":{"index":"index","follow":"follow","max-snippet":"max-snippet:-1","max-image-preview":"max-image-preview:large","max-video-preview":"max-video-preview:-1"},"canonical":"https:\/\/malakite.es\/index.php\/actividades-fines-de-semana\/","og_locale":"es_ES","og_type":"article","og_title":"Actividades fines de semana - Malakite","og_description":"Actividades fin\u00e9s de semanaDISFRUTA DEL FIN DE SEMANA En Malakite ofrecemos actividades acu\u00e1ticas todos los s\u00e1bados y domingos, adapt\u00e1ndonos siempre a las condiciones meteorol\u00f3gicas \u00f3ptimas. Nuestras disciplinas principales incluyen: Surf Paddle surf (SUP) Windsurf Adem\u00e1s, durante los fines de semana organizamos una amplia variedad de actividades complementarias para todos los niveles y gustos. Modalidades de [&hellip;]","og_url":"https:\/\/malakite.es\/index.php\/actividades-fines-de-semana\/","og_site_name":"Malakite","article_modified_time":"2026-01-27T13:16:39+00:00","twitter_card":"summary_large_image","twitter_misc":{"Tiempo de lectura":"3 minutos"},"schema":{"@context":"https:\/\/schema.org","@graph":[{"@type":"WebPage","@id":"https:\/\/malakite.es\/index.php\/actividades-fines-de-semana\/","url":"https:\/\/malakite.es\/index.php\/actividades-fines-de-semana\/","name":"Actividades fines de semana - Malakite","isPartOf":{"@id":"https:\/\/malakite.es\/#website"},"datePublished":"2024-05-10T12:26:55+00:00","dateModified":"2026-01-27T13:16:39+00:00","breadcrumb":{"@id":"https:\/\/malakite.es\/index.php\/actividades-fines-de-semana\/#breadcrumb"},"inLanguage":"es","potentialAction":[{"@type":"ReadAction","target":["https:\/\/malakite.es\/index.php\/actividades-fines-de-semana\/"]}]},{"@type":"BreadcrumbList","@id":"https:\/\/malakite.es\/index.php\/actividades-fines-de-semana\/#breadcrumb","itemListElement":[{"@type":"ListItem","position":1,"name":"Portada","item":"https:\/\/malakite.es\/"},{"@type":"ListItem","position":2,"name":"Actividades fines de semana"}]},{"@type":"WebSite","@id":"https:\/\/malakite.es\/#website","url":"https:\/\/malakite.es\/","name":"Malakite","description":"Club n\u00e1utico deportivo en M\u00e1laga","potentialAction":[{"@type":"SearchAction","target":{"@type":"EntryPoint","urlTemplate":"https:\/\/malakite.es\/?s={search_term_string}"},"query-input":{"@type":"PropertyValueSpecification","valueRequired":true,"valueName":"search_term_string"}}],"inLanguage":"es"}]}},"_links":{"self":[{"href":"https:\/\/malakite.es\/index.php\/wp-json\/wp\/v2\/pages\/523","targetHints":{"allow":["GET"]}}],"collection":[{"href":"https:\/\/malakite.es\/index.php\/wp-json\/wp\/v2\/pages"}],"about":[{"href":"https:\/\/malakite.es\/index.php\/wp-json\/wp\/v2\/types\/page"}],"author":[{"embeddable":true,"href":"https:\/\/malakite.es\/index.php\/wp-json\/wp\/v2\/users\/1"}],"replies":[{"embeddable":true,"href":"https:\/\/malakite.es\/index.php\/wp-json\/wp\/v2\/comments?post=523"}],"version-history":[{"count":7,"href":"https:\/\/malakite.es\/index.php\/wp-json\/wp\/v2\/pages\/523\/revisions"}],"predecessor-version":[{"id":885,"href":"https:\/\/malakite.es\/index.php\/wp-json\/wp\/v2\/pages\/523\/revisions\/885"}],"wp:attachment":[{"href":"https:\/\/malakite.es\/index.php\/wp-json\/wp\/v2\/media?parent=523"}],"curies":[{"name":"wp","href":"https:\/\/api.w.org\/{rel}","templated":true}]}}