{"id":380,"date":"2024-05-05T15:16:13","date_gmt":"2024-05-05T15:16:13","guid":{"rendered":"https:\/\/malakite.merkadoweb.es\/?page_id=380"},"modified":"2024-05-05T22:43:06","modified_gmt":"2024-05-05T22:43:06","slug":"quienes-somos","status":"publish","type":"page","link":"https:\/\/malakite.es\/index.php\/quienes-somos\/","title":{"rendered":"Quienes Somos"},"content":{"rendered":"<p>[et_pb_section fb_built=\u00bb1&#8243; custom_padding_last_edited=\u00bbon|phone\u00bb _builder_version=\u00bb4.25.0&#8243; background_color=\u00bbrgba(255,255,255,0.26)\u00bb background_image=\u00bbhttps:\/\/malakite.es\/wp-content\/uploads\/2024\/05\/2147647161.jpg\u00bb background_blend=\u00bblighten\u00bb background_enable_video_mp4=\u00bboff\u00bb background_video_width=\u00bb3000&#8243; custom_padding=\u00bb177px||177px||true|false\u00bb custom_padding_tablet=\u00bb160px||160px||true|false\u00bb custom_padding_phone=\u00bb100px||77px||false|false\u00bb bottom_divider_height=\u00bb66px\u00bb animation_style=\u00bbfade\u00bb hover_enabled=\u00bb0&#8243; global_colors_info=\u00bb{}\u00bb sticky_enabled=\u00bb0&#8243; title_text=\u00bb2147647161&#8243;][et_pb_row _builder_version=\u00bb4.16&#8243; custom_padding=\u00bb0|0px|27px|0px|false|false\u00bb animation_style=\u00bbslide\u00bb animation_direction=\u00bbleft\u00bb animation_duration=\u00bb1500ms\u00bb global_colors_info=\u00bb{}\u00bb][et_pb_column type=\u00bb4_4&#8243; _builder_version=\u00bb4.16&#8243; custom_padding=\u00bb|||\u00bb global_colors_info=\u00bb{}\u00bb custom_padding__hover=\u00bb|||\u00bb][et_pb_text _builder_version=\u00bb4.25.0&#8243; text_font=\u00bbNunito||||||||\u00bb text_font_size=\u00bb15px\u00bb header_font=\u00bbMontserrat|700||on|||||\u00bb header_text_align=\u00bbleft\u00bb header_text_color=\u00bb#191919&#8243; header_font_size=\u00bb70px\u00bb header_line_height=\u00bb1.3em\u00bb max_width_tablet=\u00bb93%\u00bb max_width_phone=\u00bb\u00bb max_width_last_edited=\u00bbon|tablet\u00bb custom_margin=\u00bb33px||||false|false\u00bb custom_margin_tablet=\u00bb\u00bb custom_margin_phone=\u00bb-36px|||\u00bb custom_margin_last_edited=\u00bbon|desktop\u00bb header_font_size_tablet=\u00bb80px\u00bb header_font_size_phone=\u00bb35px\u00bb header_font_size_last_edited=\u00bbon|phone\u00bb global_colors_info=\u00bb{}\u00bb]<\/p>\n<h1 style=\"text-align: center;\">Quienes Somos<\/h1>\n<p>[\/et_pb_text][\/et_pb_column][\/et_pb_row][\/et_pb_section][et_pb_section fb_built=\u00bb1&#8243; specialty=\u00bbon\u00bb _builder_version=\u00bb4.25.0&#8243; use_background_color_gradient=\u00bbon\u00bb background_color_gradient_stops=\u00bb#ffffff 0%|rgba(242,242,242,0.89) 100%\u00bb background_color_gradient_overlays_image=\u00bbon\u00bb background_color_gradient_start=\u00bb#ffffff\u00bb background_color_gradient_end=\u00bbrgba(242,242,242,0.89)\u00bb background_image=\u00bbhttps:\/\/play.divi.express\/wp-content\/uploads\/2019\/03\/surf-club3-23.jpg\u00bb custom_padding=\u00bb7px|0px|76px|0px|false|false\u00bb animation_style=\u00bbzoom\u00bb global_colors_info=\u00bb{}\u00bb][et_pb_column type=\u00bb1_2&#8243; specialty_columns=\u00bb2&#8243; _builder_version=\u00bb4.16&#8243; custom_padding=\u00bb|||\u00bb global_colors_info=\u00bb{}\u00bb parallax__hover=\u00bboff\u00bb parallax_method__hover=\u00bbon\u00bb custom_padding__hover=\u00bb|||\u00bb][et_pb_row_inner _builder_version=\u00bb4.25.0&#8243; custom_padding=\u00bb45px|0px|30.2344px|0px|false|false\u00bb animation_style=\u00bbslide\u00bb animation_direction=\u00bbleft\u00bb animation_duration=\u00bb1350ms\u00bb animation_delay=\u00bb500ms\u00bb global_colors_info=\u00bb{}\u00bb][et_pb_column_inner saved_specialty_column_type=\u00bb1_2&#8243; _builder_version=\u00bb4.16&#8243; custom_padding=\u00bb|||\u00bb global_colors_info=\u00bb{}\u00bb parallax__hover=\u00bboff\u00bb parallax_method__hover=\u00bbon\u00bb custom_padding__hover=\u00bb|||\u00bb][et_pb_text _builder_version=\u00bb4.25.0&#8243; text_font=\u00bbCairo||||||||\u00bb text_text_color=\u00bb#000000&#8243; text_font_size=\u00bb16px\u00bb text_line_height=\u00bb1.8em\u00bb header_font=\u00bbMontserrat|500||on|||||\u00bb header_text_color=\u00bb#f41f5f\u00bb header_font_size=\u00bb35px\u00bb header_line_height=\u00bb1.1em\u00bb header_font_size_tablet=\u00bb\u00bb header_font_size_phone=\u00bb35px\u00bb header_font_size_last_edited=\u00bbon|desktop\u00bb global_colors_info=\u00bb{}\u00bb]<\/p>\n<h1>Con\u00f3cenos<\/h1>\n<p style=\"text-align: justify;\"><span>En nuestro<strong> Club N\u00e1utico Deportivo, Malakite Surf<\/strong>, llevamos desde <strong>1996<\/strong> ense\u00f1ando ense\u00f1ando de la mejor manera las <strong>actividades acu\u00e1ticas favoritas<\/strong>. Nos enorgullece ofrecer una amplia <strong>variedad de actividades acu\u00e1ticas<\/strong> en la Costa del Sol. Desde surf hasta paddle surf, y desde windsurf hasta wind foil, tenemos algo para todos los<strong> amantes del mar y la aventura<\/strong>. Nuestro equipo de <strong>monitores titulados y experimentados<\/strong> se dedica a brindar experiencias seguras y emocionantes a nuestros miembros. Con instalaciones de \u00faltima generaci\u00f3n y un enfoque en la <strong>calidad y la seguridad<\/strong>, nos esforzamos por superar las expectativas y contagiar nuestra pasi\u00f3n por el mar a todos los que nos visitan. \u00a1\u00danete a nosotros y descubre la<strong> emoci\u00f3n del mar en nuestro club n\u00e1utico deportivo<\/strong>!<\/span><\/p>\n<p>[\/et_pb_text][\/et_pb_column_inner][\/et_pb_row_inner][\/et_pb_column][et_pb_column type=\u00bb1_2&#8243; _builder_version=\u00bb4.16&#8243; custom_padding=\u00bb|||\u00bb global_colors_info=\u00bb{}\u00bb parallax__hover=\u00bboff\u00bb parallax_method__hover=\u00bbon\u00bb custom_padding__hover=\u00bb|||\u00bb][et_pb_image src=\u00bbhttps:\/\/malakite.es\/wp-content\/uploads\/2024\/04\/cropped-surf-malakite.jpg\u00bb title_text=\u00bbcropped-surf-malakite.jpg\u00bb align=\u00bbcenter\u00bb align_tablet=\u00bbcenter\u00bb align_phone=\u00bbcenter\u00bb align_last_edited=\u00bbon|desktop\u00bb _builder_version=\u00bb4.25.0&#8243; width=\u00bb42%\u00bb width_tablet=\u00bb\u00bb width_phone=\u00bb70%\u00bb width_last_edited=\u00bbon|phone\u00bb custom_margin=\u00bb90px|||||\u00bb custom_margin_tablet=\u00bb90px|||||\u00bb custom_margin_phone=\u00bb0px||||false|false\u00bb custom_margin_last_edited=\u00bbon|phone\u00bb custom_padding=\u00bb17px||\u00bb animation_style=\u00bbslide\u00bb animation_direction=\u00bbright\u00bb animation_duration=\u00bb1500ms\u00bb animation_delay=\u00bb500ms\u00bb global_colors_info=\u00bb{}\u00bb][\/et_pb_image][\/et_pb_column][\/et_pb_section]<\/p>\n","protected":false},"excerpt":{"rendered":"<p>Quienes SomosCon\u00f3cenos En nuestro Club N\u00e1utico Deportivo, Malakite Surf, llevamos desde 1996 ense\u00f1ando ense\u00f1ando de la mejor manera las actividades acu\u00e1ticas favoritas. Nos enorgullece ofrecer una amplia variedad de actividades acu\u00e1ticas en la Costa del Sol. Desde surf hasta paddle surf, y desde windsurf hasta wind foil, tenemos algo para todos los amantes del mar [&hellip;]<\/p>\n","protected":false},"author":1,"featured_media":0,"parent":0,"menu_order":0,"comment_status":"closed","ping_status":"closed","template":"","meta":{"_et_pb_use_builder":"on","_et_pb_old_content":"","_et_gb_content_width":"","footnotes":""},"class_list":["post-380","page","type-page","status-publish","hentry"],"yoast_head":"<!-- This site is optimized with the Yoast SEO plugin v27.4 - https:\/\/yoast.com\/product\/yoast-seo-wordpress\/ -->\n<title>Quienes Somos - Malakite<\/title>\n<meta name=\"robots\" content=\"index, follow, max-snippet:-1, max-image-preview:large, max-video-preview:-1\" \/>\n<link rel=\"canonical\" href=\"https:\/\/malakite.es\/index.php\/quienes-somos\/\" \/>\n<meta property=\"og:locale\" content=\"es_ES\" \/>\n<meta property=\"og:type\" content=\"article\" \/>\n<meta property=\"og:title\" content=\"Quienes Somos - Malakite\" \/>\n<meta property=\"og:description\" content=\"Quienes SomosCon\u00f3cenos En nuestro Club N\u00e1utico Deportivo, Malakite Surf, llevamos desde 1996 ense\u00f1ando ense\u00f1ando de la mejor manera las actividades acu\u00e1ticas favoritas. Nos enorgullece ofrecer una amplia variedad de actividades acu\u00e1ticas en la Costa del Sol. Desde surf hasta paddle surf, y desde windsurf hasta wind foil, tenemos algo para todos los amantes del mar [&hellip;]\" \/>\n<meta property=\"og:url\" content=\"https:\/\/malakite.es\/index.php\/quienes-somos\/\" \/>\n<meta property=\"og:site_name\" content=\"Malakite\" \/>\n<meta property=\"article:modified_time\" content=\"2024-05-05T22:43:06+00:00\" \/>\n<meta name=\"twitter:card\" content=\"summary_large_image\" \/>\n<meta name=\"twitter:label1\" content=\"Tiempo de lectura\" \/>\n\t<meta name=\"twitter:data1\" content=\"3 minutos\" \/>\n<script type=\"application\/ld+json\" class=\"yoast-schema-graph\">{\"@context\":\"https:\\\/\\\/schema.org\",\"@graph\":[{\"@type\":\"WebPage\",\"@id\":\"https:\\\/\\\/malakite.es\\\/index.php\\\/quienes-somos\\\/\",\"url\":\"https:\\\/\\\/malakite.es\\\/index.php\\\/quienes-somos\\\/\",\"name\":\"Quienes Somos - Malakite\",\"isPartOf\":{\"@id\":\"https:\\\/\\\/malakite.es\\\/#website\"},\"datePublished\":\"2024-05-05T15:16:13+00:00\",\"dateModified\":\"2024-05-05T22:43:06+00:00\",\"breadcrumb\":{\"@id\":\"https:\\\/\\\/malakite.es\\\/index.php\\\/quienes-somos\\\/#breadcrumb\"},\"inLanguage\":\"es\",\"potentialAction\":[{\"@type\":\"ReadAction\",\"target\":[\"https:\\\/\\\/malakite.es\\\/index.php\\\/quienes-somos\\\/\"]}]},{\"@type\":\"BreadcrumbList\",\"@id\":\"https:\\\/\\\/malakite.es\\\/index.php\\\/quienes-somos\\\/#breadcrumb\",\"itemListElement\":[{\"@type\":\"ListItem\",\"position\":1,\"name\":\"Portada\",\"item\":\"https:\\\/\\\/malakite.es\\\/\"},{\"@type\":\"ListItem\",\"position\":2,\"name\":\"Quienes Somos\"}]},{\"@type\":\"WebSite\",\"@id\":\"https:\\\/\\\/malakite.es\\\/#website\",\"url\":\"https:\\\/\\\/malakite.es\\\/\",\"name\":\"Malakite\",\"description\":\"Club n\u00e1utico deportivo en M\u00e1laga\",\"potentialAction\":[{\"@type\":\"SearchAction\",\"target\":{\"@type\":\"EntryPoint\",\"urlTemplate\":\"https:\\\/\\\/malakite.es\\\/?s={search_term_string}\"},\"query-input\":{\"@type\":\"PropertyValueSpecification\",\"valueRequired\":true,\"valueName\":\"search_term_string\"}}],\"inLanguage\":\"es\"}]}<\/script>\n<!-- \/ Yoast SEO plugin. -->","yoast_head_json":{"title":"Quienes Somos - Malakite","robots":{"index":"index","follow":"follow","max-snippet":"max-snippet:-1","max-image-preview":"max-image-preview:large","max-video-preview":"max-video-preview:-1"},"canonical":"https:\/\/malakite.es\/index.php\/quienes-somos\/","og_locale":"es_ES","og_type":"article","og_title":"Quienes Somos - Malakite","og_description":"Quienes SomosCon\u00f3cenos En nuestro Club N\u00e1utico Deportivo, Malakite Surf, llevamos desde 1996 ense\u00f1ando ense\u00f1ando de la mejor manera las actividades acu\u00e1ticas favoritas. Nos enorgullece ofrecer una amplia variedad de actividades acu\u00e1ticas en la Costa del Sol. Desde surf hasta paddle surf, y desde windsurf hasta wind foil, tenemos algo para todos los amantes del mar [&hellip;]","og_url":"https:\/\/malakite.es\/index.php\/quienes-somos\/","og_site_name":"Malakite","article_modified_time":"2024-05-05T22:43:06+00:00","twitter_card":"summary_large_image","twitter_misc":{"Tiempo de lectura":"3 minutos"},"schema":{"@context":"https:\/\/schema.org","@graph":[{"@type":"WebPage","@id":"https:\/\/malakite.es\/index.php\/quienes-somos\/","url":"https:\/\/malakite.es\/index.php\/quienes-somos\/","name":"Quienes Somos - Malakite","isPartOf":{"@id":"https:\/\/malakite.es\/#website"},"datePublished":"2024-05-05T15:16:13+00:00","dateModified":"2024-05-05T22:43:06+00:00","breadcrumb":{"@id":"https:\/\/malakite.es\/index.php\/quienes-somos\/#breadcrumb"},"inLanguage":"es","potentialAction":[{"@type":"ReadAction","target":["https:\/\/malakite.es\/index.php\/quienes-somos\/"]}]},{"@type":"BreadcrumbList","@id":"https:\/\/malakite.es\/index.php\/quienes-somos\/#breadcrumb","itemListElement":[{"@type":"ListItem","position":1,"name":"Portada","item":"https:\/\/malakite.es\/"},{"@type":"ListItem","position":2,"name":"Quienes Somos"}]},{"@type":"WebSite","@id":"https:\/\/malakite.es\/#website","url":"https:\/\/malakite.es\/","name":"Malakite","description":"Club n\u00e1utico deportivo en M\u00e1laga","potentialAction":[{"@type":"SearchAction","target":{"@type":"EntryPoint","urlTemplate":"https:\/\/malakite.es\/?s={search_term_string}"},"query-input":{"@type":"PropertyValueSpecification","valueRequired":true,"valueName":"search_term_string"}}],"inLanguage":"es"}]}},"_links":{"self":[{"href":"https:\/\/malakite.es\/index.php\/wp-json\/wp\/v2\/pages\/380","targetHints":{"allow":["GET"]}}],"collection":[{"href":"https:\/\/malakite.es\/index.php\/wp-json\/wp\/v2\/pages"}],"about":[{"href":"https:\/\/malakite.es\/index.php\/wp-json\/wp\/v2\/types\/page"}],"author":[{"embeddable":true,"href":"https:\/\/malakite.es\/index.php\/wp-json\/wp\/v2\/users\/1"}],"replies":[{"embeddable":true,"href":"https:\/\/malakite.es\/index.php\/wp-json\/wp\/v2\/comments?post=380"}],"version-history":[{"count":6,"href":"https:\/\/malakite.es\/index.php\/wp-json\/wp\/v2\/pages\/380\/revisions"}],"predecessor-version":[{"id":465,"href":"https:\/\/malakite.es\/index.php\/wp-json\/wp\/v2\/pages\/380\/revisions\/465"}],"wp:attachment":[{"href":"https:\/\/malakite.es\/index.php\/wp-json\/wp\/v2\/media?parent=380"}],"curies":[{"name":"wp","href":"https:\/\/api.w.org\/{rel}","templated":true}]}}